{"id":19696,"date":"2024-02-01T14:37:17","date_gmt":"2024-02-01T13:37:17","guid":{"rendered":"https:\/\/www.recyclingairbag.com\/?page_id=19696"},"modified":"2025-02-13T21:13:11","modified_gmt":"2025-02-13T20:13:11","slug":"yasal-uyari","status":"publish","type":"page","link":"https:\/\/www.recyclingairbag.com\/tr\/yasal-uyari\/","title":{"rendered":"Yasal Uyar\u0131"},"content":{"rendered":"<div id=\"pl-1589\" class=\"panel-layout\">\n<div id=\"pg-1589-0\" class=\"panel-grid panel-has-style\" data-style=\"{&quot;padding&quot;:&quot;84px 0px 48px 0px&quot;,&quot;background&quot;:&quot;#ffffff&quot;,&quot;background_image_attachment&quot;:false,&quot;background_display&quot;:&quot;tile&quot;,&quot;background_image_size&quot;:&quot;full&quot;,&quot;background_image_opacity&quot;:&quot;100&quot;,&quot;border_thickness&quot;:&quot;1px&quot;,&quot;full_height&quot;:&quot;&quot;,&quot;row_stretch&quot;:&quot;full&quot;,&quot;cell_alignment&quot;:&quot;flex-start&quot;,&quot;separator_top&quot;:&quot;none&quot;,&quot;separator_top_position&quot;:&quot;top-svg-inside&quot;,&quot;separator_bottom&quot;:&quot;bottom-svg-4&quot;,&quot;separator_bottom_position&quot;:&quot;bottom-svg-inside&quot;,&quot;mobile&quot;:&quot;mobile-1-in-row&quot;,&quot;tablet&quot;:&quot;tablet-1-in-row&quot;,&quot;desktop&quot;:&quot;desktop-default&quot;,&quot;full_width_small&quot;:&quot;&quot;,&quot;full_width_tablets&quot;:&quot;&quot;,&quot;row_position&quot;:&quot;default&quot;,&quot;full_screen&quot;:&quot;&quot;,&quot;text_style&quot;:&quot;text-dark&quot;,&quot;row_overlay&quot;:&quot;default&quot;}\">\n<div class=\"siteorigin-panels-stretch orion-separator bottom-svg-4 bottom-svg-inside tablet-1-in-row mobile-1-in-row desktop-default text-dark panel-row-style panel-row-style-for-1589-0\" data-stretch-type=\"full\">\n<div id=\"pgc-1589-0-0\" class=\"panel-grid-cell\" data-style=\"{&quot;background_image_attachment&quot;:false,&quot;background_display&quot;:&quot;tile&quot;,&quot;background_image_size&quot;:&quot;full&quot;,&quot;background_image_opacity&quot;:&quot;100&quot;,&quot;border_thickness&quot;:&quot;1px&quot;,&quot;vertical_alignment&quot;:&quot;auto&quot;,&quot;row_overlay&quot;:&quot;default&quot;}\" data-weight=\"1\">\n<div id=\"panel-1589-0-0-0\" class=\"so-panel widget widget_sow-editor panel-first-child panel-last-child\" data-index=\"0\" data-style=\"{&quot;padding&quot;:&quot;0px 0px 36px 0px&quot;,&quot;background_image_attachment&quot;:false,&quot;background_display&quot;:&quot;tile&quot;,&quot;background_image_size&quot;:&quot;full&quot;,&quot;background_image_opacity&quot;:&quot;100&quot;,&quot;border_thickness&quot;:&quot;1px&quot;,&quot;hide_mobile&quot;:&quot;&quot;,&quot;text_style&quot;:&quot;default&quot;,&quot;center_on_mobile&quot;:&quot;&quot;,&quot;center_on_tablets&quot;:&quot;&quot;,&quot;widget_shadow&quot;:&quot;none&quot;,&quot;remove_padding_mobile&quot;:&quot;&quot;,&quot;row_overlay&quot;:&quot;default&quot;,&quot;bg_opacity&quot;:&quot;100&quot;}\">\n<div class=\"orion default panel-widget-style panel-widget-style-for-1589-0-0-0\">\n<div class=\"so-widget-sow-editor so-widget-sow-editor-base\">\n<div class=\"siteorigin-widget-tinymce textwidget\">\n<p class=\"adsimple-122717211\">E-Ticaret Kanunu \u00a75, Avusturya Ticaret Kanunu \u00a714, Sanayi Kanunu \u00a763 ve Medya Kanunu \u00a725 uyar\u0131nca bilgilendirme y\u00fck\u00fcml\u00fcl\u00fc\u011f\u00fc gere\u011fince sa\u011flanan bilgiler.<\/p>\n<p class=\"adsimple-122717211\"><strong>SEDA-Umwelttechnik GmbH<\/strong><br \/>\nSchwendter Stra\u00dfe 10<br \/>\n6345 K\u00f6ssen<br \/>\nAvusturya<\/p>\n<p class=\"adsimple-122717211\"><strong>Vergi kimlik numaras\u0131:<\/strong>\u00a0ATU56621622<br \/>\n<strong>Ticaret sicil numaras\u0131:<\/strong>\u00a0FN 231790 v<br \/>\n<strong>Kay\u0131tl\u0131 ticaret mahkemesi<\/strong> Innsbruck<br \/>\n<strong>\u015eirket merkezi:<\/strong>\u00a06345 K\u00f6ssen<\/p>\n<p class=\"adsimple-122717211\"><strong>Telefon:<\/strong>\u00a00043 5375 6318-0<br \/>\n<strong>Faks:<\/strong>\u00a00043 5375 6318-9<br \/>\n<strong>E-posta:<\/strong>\u00a0<a href=\"mailto:info@recyclingairbag.com\">info@recyclingairbag.com<\/a><\/p>\n<p class=\"adsimple-122717211\"><strong>Mesleklerle ilgili yasalar:<\/strong>\u00a0Ticaret mevzuat\u0131: www.ris.bka.gv.at<\/p>\n<p class=\"adsimple-122717211\"><strong>Denetleme\/Ticaret otoritesi:<\/strong> Kitzb\u00fchel B\u00f6lge Y\u00f6netimi<br \/>\n<strong>Yetkili \u00fclke:<\/strong> Avusturya<\/p>\n<p class=\"adsimple-122717211\"><strong>\u015eirket yetkilisi<\/strong><br \/>\nRainer Dagn<\/p>\n<h2 id=\"eu-streitschlichtung-en\" class=\"adsimple-122717211 fusion-responsive-typography-calculated\" data-fontsize=\"24\" data-lineheight=\"36px\">AB Uyu\u015fmazl\u0131k \u00c7\u00f6z\u00fcm\u00fc<\/h2>\n<p>T\u00fcketici Konular\u0131nda \u00c7evrimi\u00e7i Uyu\u015fmazl\u0131k \u00c7\u00f6z\u00fcm\u00fc Y\u00f6netmeli\u011fi (ODR Y\u00f6netmeli\u011fi) uyar\u0131nca sizi \u00c7evrimi\u00e7i Uyu\u015fmazl\u0131k \u00c7\u00f6z\u00fcm\u00fc platformu (ODR platformu) hakk\u0131nda bilgilendirmek isteriz.<br \/>\nT\u00fcketiciler, \u015fikayetlerini Avrupa Komisyonu&#8217;nun\u00a0<a class=\"adsimple-122717211\" href=\"https:\/\/ec.europa.eu\/consumers\/odr\/main\/?event=main.home2.show\" target=\"_blank\" rel=\"follow noopener\">https:\/\/ec.europa.eu\/consumers\/odr\/main\/?event=main.home2.show<\/a> adresindeki \u00c7evrimi\u00e7i Uyu\u015fmazl\u0131k \u00c7\u00f6z\u00fcm\u00fc platformuna iletme se\u00e7ene\u011fine sahiptir. Gerekli ileti\u015fim bilgilerini yukar\u0131daki k\u00fcnyemizde bulabilirsiniz.<\/p>\n<p>Bununla birlikte, bir t\u00fcketici hakem heyeti nezdindeki uyu\u015fmazl\u0131k \u00e7\u00f6z\u00fcm prosed\u00fcrlerine kat\u0131lmaya istekli veya mecbur olmad\u0131\u011f\u0131m\u0131z\u0131 belirtmek isteriz.<\/p>\n<h2 id=\"haftung-fuer-inhalte-dieser-webseite-en\" class=\"adsimple-122717211 fusion-responsive-typography-calculated\" data-fontsize=\"24\" data-lineheight=\"36px\">Bu Web Sitesinin \u0130\u00e7eri\u011finden Sorumluluk<\/h2>\n<p>Bu web sitesinin i\u00e7eri\u011fini s\u00fcrekli olarak geli\u015ftiriyor ve do\u011fru ve g\u00fcncel bilgiler sa\u011flamaya \u00e7al\u0131\u015f\u0131yoruz. Ne yaz\u0131k ki, bu web sitesindeki herhangi bir i\u00e7eri\u011fin do\u011frulu\u011fu konusunda sorumluluk kabul edemeyiz. Buna \u00f6zellikle \u00fc\u00e7\u00fcnc\u00fc taraflarca sa\u011flanan i\u00e7erikler dahildir. Bir hizmet sa\u011flay\u0131c\u0131 olarak, iletti\u011finiz veya saklad\u0131\u011f\u0131n\u0131z herhangi bir bilgiyi izlemek veya yasa d\u0131\u015f\u0131 faaliyete i\u015faret eden herhangi bir durumu ara\u015ft\u0131rmak zorunda de\u011filiz.<\/p>\n<p>Genel hukuk kapsam\u0131nda mahkeme veya resmi emirler nedeniyle, sorumlu olmasak bile bilgileri kald\u0131rma veya bilgilerin kullan\u0131m\u0131n\u0131 engelleme y\u00fck\u00fcml\u00fcl\u00fcklerimiz etkilenmez.<\/p>\n<p>Herhangi bir sorunlu veya yasa d\u0131\u015f\u0131 i\u00e7erik fark ederseniz, yasa d\u0131\u015f\u0131 i\u00e7eri\u011fi kald\u0131rabilmemiz i\u00e7in l\u00fctfen derhal bizimle ileti\u015fime ge\u00e7in. \u0130leti\u015fim bilgilerimizi k\u00fcnyede bulabilirsiniz.<\/p>\n<h2 id=\"haftung-links-webseite-en\" class=\"adsimple-122717211 fusion-responsive-typography-calculated\" data-fontsize=\"24\" data-lineheight=\"36px\">Bu Web Sitesindeki Ba\u011flant\u0131lar i\u00e7in Sorumluluk<\/h2>\n<p>Web sitemiz, sorumlu olmad\u0131\u011f\u0131m\u0131z di\u011fer web sitelerine ba\u011flant\u0131lar i\u00e7ermektedir. Yasa d\u0131\u015f\u0131 faaliyetler hakk\u0131nda hi\u00e7bir bilgimiz olmad\u0131\u011f\u0131 i\u00e7in ba\u011flant\u0131l\u0131 web sitelerinden sorumlu de\u011filiz. Herhangi bir yasa d\u0131\u015f\u0131 faaliyetten haberdar olursak, s\u00f6z konusu ba\u011flant\u0131lar\u0131 derhal kald\u0131raca\u011f\u0131z.<\/p>\n<p>Web sitemizde yasa d\u0131\u015f\u0131 ba\u011flant\u0131lar fark ederseniz, l\u00fctfen bizimle ileti\u015fime ge\u00e7in. \u0130leti\u015fim bilgilerimizi k\u00fcnyede bulabilirsiniz.<\/p>\n<h2 id=\"urheberrechtshinweis-en\" class=\"adsimple-122717211 fusion-responsive-typography-calculated\" data-fontsize=\"24\" data-lineheight=\"36px\">Telif Hakk\u0131 Uyar\u0131s\u0131<\/h2>\n<p>Bu web sitesinin t\u00fcm i\u00e7eri\u011fi (resimler, g\u00f6r\u00fcnt\u00fcler, foto\u011fraflar, metinler, videolar) telif hakk\u0131na tabidir. L\u00fctfen bu web sitesinin i\u00e7eri\u011fini da\u011f\u0131tmadan, \u00e7o\u011faltmadan veya kullanmadan \u00f6nce &#8211; \u00f6rne\u011fin ba\u015fka web sitelerinde yeniden yay\u0131nlamadan \u00f6nce &#8211; bize dan\u0131\u015f\u0131n. Gerekirse, web sitemizin i\u00e7eri\u011finin izinsiz kullan\u0131m\u0131n\u0131 kovu\u015fturaca\u011f\u0131z.<\/p>\n<p>Bu web sitesinde telif hakk\u0131n\u0131 ihlal eden bir i\u00e7erik bulursan\u0131z, l\u00fctfen bizimle ileti\u015fime ge\u00e7in.<\/p>\n<h2 id=\"bildernachweis-en\" class=\"adsimple-122717211 fusion-responsive-typography-calculated\" data-fontsize=\"24\" data-lineheight=\"36px\">G\u00f6rseller Hakk\u0131nda<\/h2>\n<p>Bu web sitesindeki resimler, g\u00f6r\u00fcnt\u00fcler ve grafikler telif hakk\u0131 ile korunmaktad\u0131r.<\/p>\n<p>G\u00f6r\u00fcnt\u00fc haklar\u0131 a\u015fa\u011f\u0131dakilere aittir:<\/p>\n<ul>\n<li>SEDA-Umwelttechnik GmbH<\/li>\n<li>RecyclingAirbag.com<\/li>\n<\/ul>\n<p>T\u00fcm metinlerin telif haklar\u0131 sakl\u0131d\u0131r.<\/p>\n<p>Kaynak: AdSimple taraf\u0131ndan sa\u011flanan <a title=\"Impressum Generator Austria by AdSimple\" href=\"https:\/\/www.adsimple.at\/impressum-generator\/\">Impressum Generator Austria<\/a> ile olu\u015fturulmu\u015ftur<\/p>\n<\/div>\n<\/div>\n<\/div>\n<\/div>\n<\/div>\n<\/div>\n<\/div>\n<\/div>\n<p>&nbsp;<\/p>\n","protected":false},"excerpt":{"rendered":"<p>E-Ticaret Kanunu \u00a75, Avusturya Ticaret Kanunu \u00a714, Sanayi Kanunu \u00a763 ve Medya Kanunu \u00a725 uyar\u0131nca bilgilendirme y\u00fck\u00fcml\u00fcl\u00fc\u011f\u00fc gere\u011fince sa\u011flanan bilgiler. SEDA-Umwelttechnik GmbH Schwendter Stra\u00dfe 10 6345 K\u00f6ssen Avusturya Vergi kimlik numaras\u0131:\u00a0ATU56621622 Ticaret sicil numaras\u0131:\u00a0FN 231790 v Kay\u0131tl\u0131 ticaret mahkemesi Innsbruck \u015eirket merkezi:\u00a06345 K\u00f6ssen Telefon:\u00a00043 5375 6318-0 Faks:\u00a00043 5375 6318-9 E-posta:\u00a0info@recyclingairbag.com Mesleklerle ilgili yasalar:\u00a0Ticaret mevzuat\u0131: www.ris.bka.gv.at<\/p>\n","protected":false},"author":1,"featured_media":0,"parent":0,"menu_order":0,"comment_status":"closed","ping_status":"closed","template":"","meta":{"footnotes":""},"class_list":["post-19696","page","type-page","status-publish","hentry"],"yoast_head":"<!-- This site is optimized with the Yoast SEO plugin v27.5 - https:\/\/yoast.com\/product\/yoast-seo-wordpress\/ -->\n<title>Yasal Uyar\u0131 - RecyclingAirbag.com<\/title>\n<meta name=\"robots\" content=\"index, follow, max-snippet:-1, max-image-preview:large, max-video-preview:-1\" \/>\n<link rel=\"canonical\" href=\"https:\/\/www.recyclingairbag.com\/tr\/yasal-uyari\/\" \/>\n<meta property=\"og:locale\" content=\"tr_TR\" \/>\n<meta property=\"og:type\" content=\"article\" \/>\n<meta property=\"og:title\" content=\"Yasal Uyar\u0131 - RecyclingAirbag.com\" \/>\n<meta property=\"og:description\" content=\"E-Ticaret Kanunu \u00a75, Avusturya Ticaret Kanunu \u00a714, Sanayi Kanunu \u00a763 ve Medya Kanunu \u00a725 uyar\u0131nca bilgilendirme y\u00fck\u00fcml\u00fcl\u00fc\u011f\u00fc gere\u011fince sa\u011flanan bilgiler. SEDA-Umwelttechnik GmbH Schwendter Stra\u00dfe 10 6345 K\u00f6ssen Avusturya Vergi kimlik numaras\u0131:\u00a0ATU56621622 Ticaret sicil numaras\u0131:\u00a0FN 231790 v Kay\u0131tl\u0131 ticaret mahkemesi Innsbruck \u015eirket merkezi:\u00a06345 K\u00f6ssen Telefon:\u00a00043 5375 6318-0 Faks:\u00a00043 5375 6318-9 E-posta:\u00a0info@recyclingairbag.com Mesleklerle ilgili yasalar:\u00a0Ticaret mevzuat\u0131: www.ris.bka.gv.at\" \/>\n<meta property=\"og:url\" content=\"https:\/\/www.recyclingairbag.com\/tr\/yasal-uyari\/\" \/>\n<meta property=\"og:site_name\" content=\"RecyclingAirbag.com\" \/>\n<meta property=\"article:modified_time\" content=\"2025-02-13T20:13:11+00:00\" \/>\n<meta name=\"twitter:card\" content=\"summary_large_image\" \/>\n<meta name=\"twitter:label1\" content=\"Tahmini okuma s\u00fcresi\" \/>\n\t<meta name=\"twitter:data1\" content=\"2 dakika\" \/>\n<script type=\"application\/ld+json\" class=\"yoast-schema-graph\">{\"@context\":\"https:\\\/\\\/schema.org\",\"@graph\":[{\"@type\":\"WebPage\",\"@id\":\"https:\\\/\\\/www.recyclingairbag.com\\\/tr\\\/yasal-uyari\\\/\",\"url\":\"https:\\\/\\\/www.recyclingairbag.com\\\/tr\\\/yasal-uyari\\\/\",\"name\":\"Yasal Uyar\u0131 - RecyclingAirbag.com\",\"isPartOf\":{\"@id\":\"https:\\\/\\\/www.recyclingairbag.com\\\/tr\\\/#website\"},\"datePublished\":\"2024-02-01T13:37:17+00:00\",\"dateModified\":\"2025-02-13T20:13:11+00:00\",\"breadcrumb\":{\"@id\":\"https:\\\/\\\/www.recyclingairbag.com\\\/tr\\\/yasal-uyari\\\/#breadcrumb\"},\"inLanguage\":\"tr\",\"potentialAction\":[{\"@type\":\"ReadAction\",\"target\":[\"https:\\\/\\\/www.recyclingairbag.com\\\/tr\\\/yasal-uyari\\\/\"]}]},{\"@type\":\"BreadcrumbList\",\"@id\":\"https:\\\/\\\/www.recyclingairbag.com\\\/tr\\\/yasal-uyari\\\/#breadcrumb\",\"itemListElement\":[{\"@type\":\"ListItem\",\"position\":1,\"name\":\"Home\",\"item\":\"https:\\\/\\\/www.recyclingairbag.com\\\/tr\\\/\"},{\"@type\":\"ListItem\",\"position\":2,\"name\":\"Yasal Uyar\u0131\"}]},{\"@type\":\"WebSite\",\"@id\":\"https:\\\/\\\/www.recyclingairbag.com\\\/tr\\\/#website\",\"url\":\"https:\\\/\\\/www.recyclingairbag.com\\\/tr\\\/\",\"name\":\"RecyclingAirbag.com\",\"description\":\"\",\"potentialAction\":[{\"@type\":\"SearchAction\",\"target\":{\"@type\":\"EntryPoint\",\"urlTemplate\":\"https:\\\/\\\/www.recyclingairbag.com\\\/tr\\\/?s={search_term_string}\"},\"query-input\":{\"@type\":\"PropertyValueSpecification\",\"valueRequired\":true,\"valueName\":\"search_term_string\"}}],\"inLanguage\":\"tr\"}]}<\/script>\n<!-- \/ Yoast SEO plugin. -->","yoast_head_json":{"title":"Yasal Uyar\u0131 - RecyclingAirbag.com","robots":{"index":"index","follow":"follow","max-snippet":"max-snippet:-1","max-image-preview":"max-image-preview:large","max-video-preview":"max-video-preview:-1"},"canonical":"https:\/\/www.recyclingairbag.com\/tr\/yasal-uyari\/","og_locale":"tr_TR","og_type":"article","og_title":"Yasal Uyar\u0131 - RecyclingAirbag.com","og_description":"E-Ticaret Kanunu \u00a75, Avusturya Ticaret Kanunu \u00a714, Sanayi Kanunu \u00a763 ve Medya Kanunu \u00a725 uyar\u0131nca bilgilendirme y\u00fck\u00fcml\u00fcl\u00fc\u011f\u00fc gere\u011fince sa\u011flanan bilgiler. SEDA-Umwelttechnik GmbH Schwendter Stra\u00dfe 10 6345 K\u00f6ssen Avusturya Vergi kimlik numaras\u0131:\u00a0ATU56621622 Ticaret sicil numaras\u0131:\u00a0FN 231790 v Kay\u0131tl\u0131 ticaret mahkemesi Innsbruck \u015eirket merkezi:\u00a06345 K\u00f6ssen Telefon:\u00a00043 5375 6318-0 Faks:\u00a00043 5375 6318-9 E-posta:\u00a0info@recyclingairbag.com Mesleklerle ilgili yasalar:\u00a0Ticaret mevzuat\u0131: www.ris.bka.gv.at","og_url":"https:\/\/www.recyclingairbag.com\/tr\/yasal-uyari\/","og_site_name":"RecyclingAirbag.com","article_modified_time":"2025-02-13T20:13:11+00:00","twitter_card":"summary_large_image","twitter_misc":{"Tahmini okuma s\u00fcresi":"2 dakika"},"schema":{"@context":"https:\/\/schema.org","@graph":[{"@type":"WebPage","@id":"https:\/\/www.recyclingairbag.com\/tr\/yasal-uyari\/","url":"https:\/\/www.recyclingairbag.com\/tr\/yasal-uyari\/","name":"Yasal Uyar\u0131 - RecyclingAirbag.com","isPartOf":{"@id":"https:\/\/www.recyclingairbag.com\/tr\/#website"},"datePublished":"2024-02-01T13:37:17+00:00","dateModified":"2025-02-13T20:13:11+00:00","breadcrumb":{"@id":"https:\/\/www.recyclingairbag.com\/tr\/yasal-uyari\/#breadcrumb"},"inLanguage":"tr","potentialAction":[{"@type":"ReadAction","target":["https:\/\/www.recyclingairbag.com\/tr\/yasal-uyari\/"]}]},{"@type":"BreadcrumbList","@id":"https:\/\/www.recyclingairbag.com\/tr\/yasal-uyari\/#breadcrumb","itemListElement":[{"@type":"ListItem","position":1,"name":"Home","item":"https:\/\/www.recyclingairbag.com\/tr\/"},{"@type":"ListItem","position":2,"name":"Yasal Uyar\u0131"}]},{"@type":"WebSite","@id":"https:\/\/www.recyclingairbag.com\/tr\/#website","url":"https:\/\/www.recyclingairbag.com\/tr\/","name":"RecyclingAirbag.com","description":"","potentialAction":[{"@type":"SearchAction","target":{"@type":"EntryPoint","urlTemplate":"https:\/\/www.recyclingairbag.com\/tr\/?s={search_term_string}"},"query-input":{"@type":"PropertyValueSpecification","valueRequired":true,"valueName":"search_term_string"}}],"inLanguage":"tr"}]}},"_links":{"self":[{"href":"https:\/\/www.recyclingairbag.com\/tr\/wp-json\/wp\/v2\/pages\/19696","targetHints":{"allow":["GET"]}}],"collection":[{"href":"https:\/\/www.recyclingairbag.com\/tr\/wp-json\/wp\/v2\/pages"}],"about":[{"href":"https:\/\/www.recyclingairbag.com\/tr\/wp-json\/wp\/v2\/types\/page"}],"author":[{"embeddable":true,"href":"https:\/\/www.recyclingairbag.com\/tr\/wp-json\/wp\/v2\/users\/1"}],"replies":[{"embeddable":true,"href":"https:\/\/www.recyclingairbag.com\/tr\/wp-json\/wp\/v2\/comments?post=19696"}],"version-history":[{"count":2,"href":"https:\/\/www.recyclingairbag.com\/tr\/wp-json\/wp\/v2\/pages\/19696\/revisions"}],"predecessor-version":[{"id":19699,"href":"https:\/\/www.recyclingairbag.com\/tr\/wp-json\/wp\/v2\/pages\/19696\/revisions\/19699"}],"wp:attachment":[{"href":"https:\/\/www.recyclingairbag.com\/tr\/wp-json\/wp\/v2\/media?parent=19696"}],"curies":[{"name":"wp","href":"https:\/\/api.w.org\/{rel}","templated":true}]}}